{"id":4552,"date":"2026-03-12T03:30:11","date_gmt":"2026-03-12T03:30:11","guid":{"rendered":"https:\/\/erzengelmg.r2ait.in\/?post_type=product&#038;p=4552"},"modified":"2026-03-12T03:30:11","modified_gmt":"2026-03-12T03:30:11","slug":"modernes-sideboard-mit-stauraum","status":"publish","type":"product","link":"https:\/\/erzengelmg.r2ait.in\/en\/product\/modernes-sideboard-mit-stauraum\/","title":{"rendered":"Modernes Sideboard mit Stauraum"},"content":{"rendered":"<p>Ein ger\u00e4umiges Sideboard, das sowohl Stauraum als auch Stil bietet. Ideal zum Ordnen von Essgeschirr oder Dekorationsartikeln. Das moderne Design f\u00fcgt sich m\u00fchelos in zeitgen\u00f6ssische Einrichtungen ein. Gefertigt aus langlebigen Materialien f\u00fcr eine lange Lebensdauer. Die klaren Linien sorgen f\u00fcr ein minimalistisches und elegantes Erscheinungsbild. Eine praktische M\u00f6bell\u00f6sung f\u00fcr Wohn- oder Essbereiche.<\/p>","protected":false},"excerpt":{"rendered":"<p>Ein ger\u00e4umiges Sideboard, das sowohl Stauraum als auch Stil bietet. Ideal zum Ordnen von Essgeschirr oder Dekorationsartikeln. Das moderne Design [&hellip;]<\/p>\n","protected":false},"featured_media":4523,"comment_status":"open","ping_status":"closed","template":"","meta":{"_acf_changed":false,"site-sidebar-layout":"default","site-content-layout":"","ast-site-content-layout":"default","site-content-style":"default","site-sidebar-style":"default","ast-global-header-display":"","ast-banner-title-visibility":"","ast-main-header-display":"","ast-hfb-above-header-display":"","ast-hfb-below-header-display":"","ast-hfb-mobile-header-display":"","site-post-title":"","ast-breadcrumbs-content":"","ast-featured-img":"","footer-sml-layout":"","ast-disable-related-posts":"","theme-transparent-header-meta":"default","adv-header-id-meta":"","stick-header-meta":"","header-above-stick-meta":"","header-main-stick-meta":"","header-below-stick-meta":"","astra-migrate-meta-layouts":"set","ast-page-background-enabled":"default","ast-page-background-meta":{"desktop":{"background-color":"var(--ast-global-color-5)","background-image":"","background-repeat":"repeat","background-position":"center center","background-size":"auto","background-attachment":"scroll","background-type":"","background-media":"","overlay-type":"","overlay-color":"","overlay-opacity":"","overlay-gradient":""},"tablet":{"background-color":"","background-image":"","background-repeat":"repeat","background-position":"center center","background-size":"auto","background-attachment":"scroll","background-type":"","background-media":"","overlay-type":"","overlay-color":"","overlay-opacity":"","overlay-gradient":""},"mobile":{"background-color":"","background-image":"","background-repeat":"repeat","background-position":"center center","background-size":"auto","background-attachment":"scroll","background-type":"","background-media":"","overlay-type":"","overlay-color":"","overlay-opacity":"","overlay-gradient":""}},"ast-content-background-meta":{"desktop":{"background-color":"var(--ast-global-color-4)","background-image":"","background-repeat":"repeat","background-position":"center center","background-size":"auto","background-attachment":"scroll","background-type":"","background-media":"","overlay-type":"","overlay-color":"","overlay-opacity":"","overlay-gradient":""},"tablet":{"background-color":"var(--ast-global-color-4)","background-image":"","background-repeat":"repeat","background-position":"center center","background-size":"auto","background-attachment":"scroll","background-type":"","background-media":"","overlay-type":"","overlay-color":"","overlay-opacity":"","overlay-gradient":""},"mobile":{"background-color":"var(--ast-global-color-4)","background-image":"","background-repeat":"repeat","background-position":"center center","background-size":"auto","background-attachment":"scroll","background-type":"","background-media":"","overlay-type":"","overlay-color":"","overlay-opacity":"","overlay-gradient":""}}},"product_brand":[],"product_cat":[28,106],"product_tag":[],"class_list":{"0":"post-4552","1":"product","2":"type-product","3":"status-publish","4":"has-post-thumbnail","6":"product_cat-mobel","7":"product_cat-sideboards","8":"desktop-align-left","9":"tablet-align-left","10":"mobile-align-left","12":"first","13":"instock","14":"shipping-taxable","15":"purchasable","16":"product-type-simple"},"acf":[],"_links":{"self":[{"href":"https:\/\/erzengelmg.r2ait.in\/en\/wp-json\/wp\/v2\/product\/4552","targetHints":{"allow":["GET"]}}],"collection":[{"href":"https:\/\/erzengelmg.r2ait.in\/en\/wp-json\/wp\/v2\/product"}],"about":[{"href":"https:\/\/erzengelmg.r2ait.in\/en\/wp-json\/wp\/v2\/types\/product"}],"replies":[{"embeddable":true,"href":"https:\/\/erzengelmg.r2ait.in\/en\/wp-json\/wp\/v2\/comments?post=4552"}],"version-history":[{"count":1,"href":"https:\/\/erzengelmg.r2ait.in\/en\/wp-json\/wp\/v2\/product\/4552\/revisions"}],"predecessor-version":[{"id":4557,"href":"https:\/\/erzengelmg.r2ait.in\/en\/wp-json\/wp\/v2\/product\/4552\/revisions\/4557"}],"wp:featuredmedia":[{"embeddable":true,"href":"https:\/\/erzengelmg.r2ait.in\/en\/wp-json\/wp\/v2\/media\/4523"}],"wp:attachment":[{"href":"https:\/\/erzengelmg.r2ait.in\/en\/wp-json\/wp\/v2\/media?parent=4552"}],"wp:term":[{"taxonomy":"product_brand","embeddable":true,"href":"https:\/\/erzengelmg.r2ait.in\/en\/wp-json\/wp\/v2\/product_brand?post=4552"},{"taxonomy":"product_cat","embeddable":true,"href":"https:\/\/erzengelmg.r2ait.in\/en\/wp-json\/wp\/v2\/product_cat?post=4552"},{"taxonomy":"product_tag","embeddable":true,"href":"https:\/\/erzengelmg.r2ait.in\/en\/wp-json\/wp\/v2\/product_tag?post=4552"}],"curies":[{"name":"wp","href":"https:\/\/api.w.org\/{rel}","templated":true}]}}