{"id":1492,"date":"2026-02-19T06:34:34","date_gmt":"2026-02-19T06:34:34","guid":{"rendered":"https:\/\/erzengelmg.r2ait.in\/?post_type=product&#038;p=1492"},"modified":"2026-02-21T02:38:52","modified_gmt":"2026-02-21T02:38:52","slug":"bettgestell-massiv","status":"publish","type":"product","link":"https:\/\/erzengelmg.r2ait.in\/en\/product\/bettgestell-massiv\/","title":{"rendered":"Solid wood bed frame"},"content":{"rendered":"<p>Das Bettgestell Massiv wurde f\u00fcr alle entwickelt, die Wert auf Langlebigkeit und nat\u00fcrliche Materialien legen. Gefertigt aus Massivholz, bietet es au\u00dfergew\u00f6hnliche Stabilit\u00e4t und verleiht dem Schlafzimmer eine warme, nat\u00fcrliche Atmosph\u00e4re. Dank seines klaren Designs harmoniert es sowohl mit modernen als auch mit klassischen Einrichtungen, w\u00e4hrend die robuste Konstruktion dauerhaften Komfort und optimale Unterst\u00fctzung gew\u00e4hrleistet.<\/p>","protected":false},"excerpt":{"rendered":"<p>Solide Handwerkskunst und nat\u00fcrliche W\u00e4rme zeichnen dieses hochwertige Massivholz-Bettgestell aus.<\/p>","protected":false},"featured_media":1619,"comment_status":"open","ping_status":"closed","template":"","meta":{"_acf_changed":false,"site-sidebar-layout":"default","site-content-layout":"","ast-site-content-layout":"default","site-content-style":"default","site-sidebar-style":"default","ast-global-header-display":"","ast-banner-title-visibility":"","ast-main-header-display":"","ast-hfb-above-header-display":"","ast-hfb-below-header-display":"","ast-hfb-mobile-header-display":"","site-post-title":"","ast-breadcrumbs-content":"","ast-featured-img":"","footer-sml-layout":"","ast-disable-related-posts":"","theme-transparent-header-meta":"default","adv-header-id-meta":"","stick-header-meta":"","header-above-stick-meta":"","header-main-stick-meta":"","header-below-stick-meta":"","astra-migrate-meta-layouts":"set","ast-page-background-enabled":"default","ast-page-background-meta":{"desktop":{"background-color":"var(--ast-global-color-5)","background-image":"","background-repeat":"repeat","background-position":"center center","background-size":"auto","background-attachment":"scroll","background-type":"","background-media":"","overlay-type":"","overlay-color":"","overlay-opacity":"","overlay-gradient":""},"tablet":{"background-color":"","background-image":"","background-repeat":"repeat","background-position":"center center","background-size":"auto","background-attachment":"scroll","background-type":"","background-media":"","overlay-type":"","overlay-color":"","overlay-opacity":"","overlay-gradient":""},"mobile":{"background-color":"","background-image":"","background-repeat":"repeat","background-position":"center center","background-size":"auto","background-attachment":"scroll","background-type":"","background-media":"","overlay-type":"","overlay-color":"","overlay-opacity":"","overlay-gradient":""}},"ast-content-background-meta":{"desktop":{"background-color":"var(--ast-global-color-4)","background-image":"","background-repeat":"repeat","background-position":"center center","background-size":"auto","background-attachment":"scroll","background-type":"","background-media":"","overlay-type":"","overlay-color":"","overlay-opacity":"","overlay-gradient":""},"tablet":{"background-color":"var(--ast-global-color-4)","background-image":"","background-repeat":"repeat","background-position":"center center","background-size":"auto","background-attachment":"scroll","background-type":"","background-media":"","overlay-type":"","overlay-color":"","overlay-opacity":"","overlay-gradient":""},"mobile":{"background-color":"var(--ast-global-color-4)","background-image":"","background-repeat":"repeat","background-position":"center center","background-size":"auto","background-attachment":"scroll","background-type":"","background-media":"","overlay-type":"","overlay-color":"","overlay-opacity":"","overlay-gradient":""}}},"product_brand":[],"product_cat":[71],"product_tag":[],"class_list":{"0":"post-1492","1":"product","2":"type-product","3":"status-publish","4":"has-post-thumbnail","6":"product_cat-sell","7":"desktop-align-left","8":"tablet-align-left","9":"mobile-align-left","11":"first","12":"instock","13":"shipping-taxable","14":"purchasable","15":"product-type-simple"},"acf":[],"_links":{"self":[{"href":"https:\/\/erzengelmg.r2ait.in\/en\/wp-json\/wp\/v2\/product\/1492","targetHints":{"allow":["GET"]}}],"collection":[{"href":"https:\/\/erzengelmg.r2ait.in\/en\/wp-json\/wp\/v2\/product"}],"about":[{"href":"https:\/\/erzengelmg.r2ait.in\/en\/wp-json\/wp\/v2\/types\/product"}],"replies":[{"embeddable":true,"href":"https:\/\/erzengelmg.r2ait.in\/en\/wp-json\/wp\/v2\/comments?post=1492"}],"version-history":[{"count":0,"href":"https:\/\/erzengelmg.r2ait.in\/en\/wp-json\/wp\/v2\/product\/1492\/revisions"}],"wp:featuredmedia":[{"embeddable":true,"href":"https:\/\/erzengelmg.r2ait.in\/en\/wp-json\/wp\/v2\/media\/1619"}],"wp:attachment":[{"href":"https:\/\/erzengelmg.r2ait.in\/en\/wp-json\/wp\/v2\/media?parent=1492"}],"wp:term":[{"taxonomy":"product_brand","embeddable":true,"href":"https:\/\/erzengelmg.r2ait.in\/en\/wp-json\/wp\/v2\/product_brand?post=1492"},{"taxonomy":"product_cat","embeddable":true,"href":"https:\/\/erzengelmg.r2ait.in\/en\/wp-json\/wp\/v2\/product_cat?post=1492"},{"taxonomy":"product_tag","embeddable":true,"href":"https:\/\/erzengelmg.r2ait.in\/en\/wp-json\/wp\/v2\/product_tag?post=1492"}],"curies":[{"name":"wp","href":"https:\/\/api.w.org\/{rel}","templated":true}]}}