{"id":2941,"date":"2026-03-03T10:40:19","date_gmt":"2026-03-03T10:40:19","guid":{"rendered":"https:\/\/erzengelmg.r2ait.in\/?page_id=2941"},"modified":"2026-03-11T09:35:46","modified_gmt":"2026-03-11T09:35:46","slug":"textilien","status":"publish","type":"page","link":"https:\/\/erzengelmg.r2ait.in\/en\/textilien\/","title":{"rendered":"Textiles"},"content":{"rendered":"<div data-elementor-type=\"wp-page\" data-elementor-id=\"2941\" class=\"elementor elementor-2941\" data-elementor-post-type=\"page\">\n\t\t\t\t<div class=\"elementor-element elementor-element-2143681 e-flex e-con-boxed e-con e-parent\" data-id=\"2143681\" data-element_type=\"container\" data-e-type=\"container\" data-settings=\"{&quot;background_background&quot;:&quot;classic&quot;}\">\n\t\t\t\t\t<div class=\"e-con-inner\">\n\t\t<div class=\"elementor-element elementor-element-bea7df2 e-con-full e-flex e-con e-child\" data-id=\"bea7df2\" data-element_type=\"container\" data-e-type=\"container\">\n\t\t\t\t<div class=\"elementor-element elementor-element-dabb1a8 elementor-widget elementor-widget-heading\" data-id=\"dabb1a8\" data-element_type=\"widget\" data-e-type=\"widget\" data-widget_type=\"heading.default\">\n\t\t\t\t\t<h2 class=\"elementor-heading-title elementor-size-default\">Textiles<\/h2>\t\t\t\t<\/div>\n\t\t\t\t<\/div>\n\t\t\t\t\t<\/div>\n\t\t\t\t<\/div>\n\t\t<div class=\"elementor-element elementor-element-cf4db02 e-flex e-con-boxed e-con e-parent\" data-id=\"cf4db02\" data-element_type=\"container\" data-e-type=\"container\" data-settings=\"{&quot;background_background&quot;:&quot;classic&quot;}\">\n\t\t\t\t\t<div class=\"e-con-inner\">\n\t\t\t\t<div class=\"elementor-element elementor-element-e578f63 elementor-widget elementor-widget-text-editor\" data-id=\"e578f63\" data-element_type=\"widget\" data-e-type=\"widget\" data-widget_type=\"text-editor.default\">\n\t\t\t\t\t\t\t\t\t<p class=\"text-foreground\/70 leading-relaxed mb-4\">Entdecken Sie unsere exklusive Auswahl an hochwertigen Einrichtungsgegenst\u00e4nden dieser Kategorie. Jeder Artikel zeichnet sich durch au\u00dfergew\u00f6hnliche Verarbeitung, hochwertige Materialien und zeitloses Design aus.<\/p>\t\t\t\t\t\t\t\t<\/div>\n\t\t\t\t\t<\/div>\n\t\t\t\t<\/div>\n\t\t<div class=\"elementor-element elementor-element-3e3ae56 e-flex e-con-boxed e-con e-parent\" data-id=\"3e3ae56\" data-element_type=\"container\" data-e-type=\"container\" data-settings=\"{&quot;background_background&quot;:&quot;classic&quot;}\">\n\t\t\t\t\t<div class=\"e-con-inner\">\n\t\t\t\t<div class=\"elementor-element elementor-element-a5163ca elementor-widget elementor-widget-heading\" data-id=\"a5163ca\" data-element_type=\"widget\" data-e-type=\"widget\" data-widget_type=\"heading.default\">\n\t\t\t\t\t<h2 class=\"elementor-heading-title elementor-size-default\">Textilien entdecken<\/h2>\t\t\t\t<\/div>\n\t\t<div class=\"elementor-element elementor-element-13b3d39 e-grid e-con-full e-con e-child\" data-id=\"13b3d39\" data-element_type=\"container\" data-e-type=\"container\">\n\t\t<div class=\"elementor-element elementor-element-9793644 e-con-full e-flex e-con e-child\" data-id=\"9793644\" data-element_type=\"container\" data-e-type=\"container\">\n\t\t\t\t<div class=\"elementor-element elementor-element-2d61a94 elementor-widget elementor-widget-image\" data-id=\"2d61a94\" data-element_type=\"widget\" data-e-type=\"widget\" data-widget_type=\"image.default\">\n\t\t\t\t\t\t\t\t\t\t\t\t\t\t\t<img fetchpriority=\"high\" decoding=\"async\" width=\"800\" height=\"800\" src=\"https:\/\/erzengelmg.r2ait.in\/wp-content\/uploads\/2026\/03\/tile-living-w0JO8-hL.jpg\" class=\"attachment-full size-full wp-image-3018\" alt=\"\" srcset=\"https:\/\/erzengelmg.r2ait.in\/wp-content\/uploads\/2026\/03\/tile-living-w0JO8-hL.jpg 800w, https:\/\/erzengelmg.r2ait.in\/wp-content\/uploads\/2026\/03\/tile-living-w0JO8-hL-300x300.jpg 300w, https:\/\/erzengelmg.r2ait.in\/wp-content\/uploads\/2026\/03\/tile-living-w0JO8-hL-150x150.jpg 150w, https:\/\/erzengelmg.r2ait.in\/wp-content\/uploads\/2026\/03\/tile-living-w0JO8-hL-768x768.jpg 768w, https:\/\/erzengelmg.r2ait.in\/wp-content\/uploads\/2026\/03\/tile-living-w0JO8-hL-12x12.jpg 12w, https:\/\/erzengelmg.r2ait.in\/wp-content\/uploads\/2026\/03\/tile-living-w0JO8-hL-600x600.jpg 600w, https:\/\/erzengelmg.r2ait.in\/wp-content\/uploads\/2026\/03\/tile-living-w0JO8-hL-100x100.jpg 100w, https:\/\/erzengelmg.r2ait.in\/wp-content\/uploads\/2026\/03\/tile-living-w0JO8-hL-64x64.jpg 64w\" sizes=\"(max-width: 800px) 100vw, 800px\" \/>\t\t\t\t\t\t\t\t\t\t\t\t\t\t\t<\/div>\n\t\t\t\t<\/div>\n\t\t<div class=\"elementor-element elementor-element-8ba2702 e-con-full e-flex e-con e-child\" data-id=\"8ba2702\" data-element_type=\"container\" data-e-type=\"container\">\n\t\t\t\t<div class=\"elementor-element elementor-element-df734cf elementor-widget elementor-widget-image\" data-id=\"df734cf\" data-element_type=\"widget\" data-e-type=\"widget\" data-widget_type=\"image.default\">\n\t\t\t\t\t\t\t\t\t\t\t\t\t\t\t<img decoding=\"async\" width=\"800\" height=\"800\" src=\"https:\/\/erzengelmg.r2ait.in\/wp-content\/uploads\/2026\/03\/tile-dining-sS5wmAZl.jpg\" class=\"attachment-full size-full wp-image-3019\" alt=\"\" srcset=\"https:\/\/erzengelmg.r2ait.in\/wp-content\/uploads\/2026\/03\/tile-dining-sS5wmAZl.jpg 800w, https:\/\/erzengelmg.r2ait.in\/wp-content\/uploads\/2026\/03\/tile-dining-sS5wmAZl-300x300.jpg 300w, https:\/\/erzengelmg.r2ait.in\/wp-content\/uploads\/2026\/03\/tile-dining-sS5wmAZl-150x150.jpg 150w, https:\/\/erzengelmg.r2ait.in\/wp-content\/uploads\/2026\/03\/tile-dining-sS5wmAZl-768x768.jpg 768w, https:\/\/erzengelmg.r2ait.in\/wp-content\/uploads\/2026\/03\/tile-dining-sS5wmAZl-12x12.jpg 12w, https:\/\/erzengelmg.r2ait.in\/wp-content\/uploads\/2026\/03\/tile-dining-sS5wmAZl-600x600.jpg 600w, https:\/\/erzengelmg.r2ait.in\/wp-content\/uploads\/2026\/03\/tile-dining-sS5wmAZl-100x100.jpg 100w, https:\/\/erzengelmg.r2ait.in\/wp-content\/uploads\/2026\/03\/tile-dining-sS5wmAZl-64x64.jpg 64w\" sizes=\"(max-width: 800px) 100vw, 800px\" \/>\t\t\t\t\t\t\t\t\t\t\t\t\t\t\t<\/div>\n\t\t\t\t<\/div>\n\t\t<div class=\"elementor-element elementor-element-4101a5a e-con-full e-flex e-con e-child\" data-id=\"4101a5a\" data-element_type=\"container\" data-e-type=\"container\">\n\t\t\t\t<div class=\"elementor-element elementor-element-d9a4810 elementor-widget elementor-widget-image\" data-id=\"d9a4810\" data-element_type=\"widget\" data-e-type=\"widget\" data-widget_type=\"image.default\">\n\t\t\t\t\t\t\t\t\t\t\t\t\t\t\t<img decoding=\"async\" width=\"800\" height=\"800\" src=\"https:\/\/erzengelmg.r2ait.in\/wp-content\/uploads\/2026\/03\/tile-bedroom-DK636nMp.jpg\" class=\"attachment-full size-full wp-image-3020\" alt=\"\" srcset=\"https:\/\/erzengelmg.r2ait.in\/wp-content\/uploads\/2026\/03\/tile-bedroom-DK636nMp.jpg 800w, https:\/\/erzengelmg.r2ait.in\/wp-content\/uploads\/2026\/03\/tile-bedroom-DK636nMp-300x300.jpg 300w, https:\/\/erzengelmg.r2ait.in\/wp-content\/uploads\/2026\/03\/tile-bedroom-DK636nMp-150x150.jpg 150w, https:\/\/erzengelmg.r2ait.in\/wp-content\/uploads\/2026\/03\/tile-bedroom-DK636nMp-768x768.jpg 768w, https:\/\/erzengelmg.r2ait.in\/wp-content\/uploads\/2026\/03\/tile-bedroom-DK636nMp-12x12.jpg 12w, https:\/\/erzengelmg.r2ait.in\/wp-content\/uploads\/2026\/03\/tile-bedroom-DK636nMp-600x600.jpg 600w, https:\/\/erzengelmg.r2ait.in\/wp-content\/uploads\/2026\/03\/tile-bedroom-DK636nMp-100x100.jpg 100w, https:\/\/erzengelmg.r2ait.in\/wp-content\/uploads\/2026\/03\/tile-bedroom-DK636nMp-64x64.jpg 64w\" sizes=\"(max-width: 800px) 100vw, 800px\" \/>\t\t\t\t\t\t\t\t\t\t\t\t\t\t\t<\/div>\n\t\t\t\t<\/div>\n\t\t<div class=\"elementor-element elementor-element-ad702a3 e-con-full e-flex e-con e-child\" data-id=\"ad702a3\" data-element_type=\"container\" data-e-type=\"container\">\n\t\t\t\t<div class=\"elementor-element elementor-element-33e3873 elementor-widget elementor-widget-image\" data-id=\"33e3873\" data-element_type=\"widget\" data-e-type=\"widget\" data-widget_type=\"image.default\">\n\t\t\t\t\t\t\t\t\t\t\t\t\t\t\t<img loading=\"lazy\" decoding=\"async\" width=\"800\" height=\"800\" src=\"https:\/\/erzengelmg.r2ait.in\/wp-content\/uploads\/2026\/03\/tile-outdoor-DpWaTegz.jpg\" class=\"attachment-full size-full wp-image-3022\" alt=\"\" srcset=\"https:\/\/erzengelmg.r2ait.in\/wp-content\/uploads\/2026\/03\/tile-outdoor-DpWaTegz.jpg 800w, https:\/\/erzengelmg.r2ait.in\/wp-content\/uploads\/2026\/03\/tile-outdoor-DpWaTegz-300x300.jpg 300w, https:\/\/erzengelmg.r2ait.in\/wp-content\/uploads\/2026\/03\/tile-outdoor-DpWaTegz-150x150.jpg 150w, https:\/\/erzengelmg.r2ait.in\/wp-content\/uploads\/2026\/03\/tile-outdoor-DpWaTegz-768x768.jpg 768w, https:\/\/erzengelmg.r2ait.in\/wp-content\/uploads\/2026\/03\/tile-outdoor-DpWaTegz-12x12.jpg 12w, https:\/\/erzengelmg.r2ait.in\/wp-content\/uploads\/2026\/03\/tile-outdoor-DpWaTegz-600x600.jpg 600w, https:\/\/erzengelmg.r2ait.in\/wp-content\/uploads\/2026\/03\/tile-outdoor-DpWaTegz-100x100.jpg 100w, https:\/\/erzengelmg.r2ait.in\/wp-content\/uploads\/2026\/03\/tile-outdoor-DpWaTegz-64x64.jpg 64w\" sizes=\"(max-width: 800px) 100vw, 800px\" \/>\t\t\t\t\t\t\t\t\t\t\t\t\t\t\t<\/div>\n\t\t\t\t<\/div>\n\t\t\t\t<\/div>\n\t\t\t\t\t<\/div>\n\t\t\t\t<\/div>\n\t\t\t\t<\/div>","protected":false},"excerpt":{"rendered":"<p>Textilien Entdecken Sie unsere exklusive Auswahl an hochwertigen Einrichtungsgegenst\u00e4nden dieser Kategorie. Jeder Artikel zeichnet sich durch au\u00dfergew\u00f6hnliche Verarbeitung, hochwertige Materialien [&hellip;]<\/p>\n","protected":false},"author":3,"featured_media":0,"parent":0,"menu_order":0,"comment_status":"closed","ping_status":"closed","template":"elementor_header_footer","meta":{"_acf_changed":false,"site-sidebar-layout":"no-sidebar","site-content-layout":"","ast-site-content-layout":"full-width-container","site-content-style":"default","site-sidebar-style":"default","ast-global-header-display":"","ast-banner-title-visibility":"","ast-main-header-display":"","ast-hfb-above-header-display":"","ast-hfb-below-header-display":"","ast-hfb-mobile-header-display":"","site-post-title":"","ast-breadcrumbs-content":"","ast-featured-img":"disabled","footer-sml-layout":"","ast-disable-related-posts":"","theme-transparent-header-meta":"default","adv-header-id-meta":"","stick-header-meta":"","header-above-stick-meta":"","header-main-stick-meta":"","header-below-stick-meta":"","astra-migrate-meta-layouts":"set","ast-page-background-enabled":"default","ast-page-background-meta":{"desktop":{"background-color":"var(--ast-global-color-5)","background-image":"","background-repeat":"repeat","background-position":"center center","background-size":"auto","background-attachment":"scroll","background-type":"","background-media":"","overlay-type":"","overlay-color":"","overlay-opacity":"","overlay-gradient":""},"tablet":{"background-color":"","background-image":"","background-repeat":"repeat","background-position":"center center","background-size":"auto","background-attachment":"scroll","background-type":"","background-media":"","overlay-type":"","overlay-color":"","overlay-opacity":"","overlay-gradient":""},"mobile":{"background-color":"","background-image":"","background-repeat":"repeat","background-position":"center center","background-size":"auto","background-attachment":"scroll","background-type":"","background-media":"","overlay-type":"","overlay-color":"","overlay-opacity":"","overlay-gradient":""}},"ast-content-background-meta":{"desktop":{"background-color":"var(--ast-global-color-4)","background-image":"","background-repeat":"repeat","background-position":"center center","background-size":"auto","background-attachment":"scroll","background-type":"","background-media":"","overlay-type":"","overlay-color":"","overlay-opacity":"","overlay-gradient":""},"tablet":{"background-color":"var(--ast-global-color-4)","background-image":"","background-repeat":"repeat","background-position":"center center","background-size":"auto","background-attachment":"scroll","background-type":"","background-media":"","overlay-type":"","overlay-color":"","overlay-opacity":"","overlay-gradient":""},"mobile":{"background-color":"var(--ast-global-color-4)","background-image":"","background-repeat":"repeat","background-position":"center center","background-size":"auto","background-attachment":"scroll","background-type":"","background-media":"","overlay-type":"","overlay-color":"","overlay-opacity":"","overlay-gradient":""}},"footnotes":""},"class_list":["post-2941","page","type-page","status-publish","hentry"],"acf":[],"_links":{"self":[{"href":"https:\/\/erzengelmg.r2ait.in\/en\/wp-json\/wp\/v2\/pages\/2941","targetHints":{"allow":["GET"]}}],"collection":[{"href":"https:\/\/erzengelmg.r2ait.in\/en\/wp-json\/wp\/v2\/pages"}],"about":[{"href":"https:\/\/erzengelmg.r2ait.in\/en\/wp-json\/wp\/v2\/types\/page"}],"author":[{"embeddable":true,"href":"https:\/\/erzengelmg.r2ait.in\/en\/wp-json\/wp\/v2\/users\/3"}],"replies":[{"embeddable":true,"href":"https:\/\/erzengelmg.r2ait.in\/en\/wp-json\/wp\/v2\/comments?post=2941"}],"version-history":[{"count":28,"href":"https:\/\/erzengelmg.r2ait.in\/en\/wp-json\/wp\/v2\/pages\/2941\/revisions"}],"predecessor-version":[{"id":4481,"href":"https:\/\/erzengelmg.r2ait.in\/en\/wp-json\/wp\/v2\/pages\/2941\/revisions\/4481"}],"wp:attachment":[{"href":"https:\/\/erzengelmg.r2ait.in\/en\/wp-json\/wp\/v2\/media?parent=2941"}],"curies":[{"name":"wp","href":"https:\/\/api.w.org\/{rel}","templated":true}]}}