{"id":2938,"date":"2026-03-03T10:38:21","date_gmt":"2026-03-03T10:38:21","guid":{"rendered":"https:\/\/erzengelmg.r2ait.in\/?page_id=2938"},"modified":"2026-03-11T09:34:55","modified_gmt":"2026-03-11T09:34:55","slug":"esszimmer","status":"publish","type":"page","link":"https:\/\/erzengelmg.r2ait.in\/en\/esszimmer\/","title":{"rendered":"dining room"},"content":{"rendered":"<div data-elementor-type=\"wp-page\" data-elementor-id=\"2938\" class=\"elementor elementor-2938\" data-elementor-post-type=\"page\">\n\t\t\t\t<div class=\"elementor-element elementor-element-6857029 e-flex e-con-boxed e-con e-parent\" data-id=\"6857029\" data-element_type=\"container\" data-e-type=\"container\" data-settings=\"{&quot;background_background&quot;:&quot;classic&quot;}\">\n\t\t\t\t\t<div class=\"e-con-inner\">\n\t\t<div class=\"elementor-element elementor-element-410df6e e-con-full e-flex e-con e-child\" data-id=\"410df6e\" data-element_type=\"container\" data-e-type=\"container\">\n\t\t\t\t<div class=\"elementor-element elementor-element-c1e7bc3 elementor-widget elementor-widget-heading\" data-id=\"c1e7bc3\" data-element_type=\"widget\" data-e-type=\"widget\" data-widget_type=\"heading.default\">\n\t\t\t\t\t<h2 class=\"elementor-heading-title elementor-size-default\">dining room<\/h2>\t\t\t\t<\/div>\n\t\t\t\t<\/div>\n\t\t\t\t\t<\/div>\n\t\t\t\t<\/div>\n\t\t<div class=\"elementor-element elementor-element-d034d2d e-flex e-con-boxed e-con e-parent\" data-id=\"d034d2d\" data-element_type=\"container\" data-e-type=\"container\" data-settings=\"{&quot;background_background&quot;:&quot;classic&quot;}\">\n\t\t\t\t\t<div class=\"e-con-inner\">\n\t\t\t\t<div class=\"elementor-element elementor-element-0fd8784 elementor-widget elementor-widget-text-editor\" data-id=\"0fd8784\" data-element_type=\"widget\" data-e-type=\"widget\" data-widget_type=\"text-editor.default\">\n\t\t\t\t\t\t\t\t\t<p class=\"text-foreground\/70 leading-relaxed mb-4\">Das Wohnzimmer ist das Herzst\u00fcck eines jeden Zuhauses \u2013 ein Ort der Begegnung, Entspannung und des pers\u00f6nlichen Ausdrucks. Unsere sorgf\u00e4ltig zusammengestellte Auswahl vereint die sch\u00f6nsten Sofas, Sessel, Sideboards und Couchtische f\u00fchrender europ\u00e4ischer Hersteller. Jedes einzelne St\u00fcck wurde aufgrund seiner handwerklichen Perfektion, seines Komforts und seiner zeitlosen \u00c4sthetik ausgew\u00e4hlt. Ob Sie klare skandinavische Linien oder die W\u00e4rme italienischer Handwerkskunst bevorzugen \u2013 unsere Kollektion bietet Ihnen etwas ganz Besonderes.<\/p>\t\t\t\t\t\t\t\t<\/div>\n\t\t\t\t\t<\/div>\n\t\t\t\t<\/div>\n\t\t<div class=\"elementor-element elementor-element-1b13e4e e-flex e-con-boxed e-con e-parent\" data-id=\"1b13e4e\" data-element_type=\"container\" data-e-type=\"container\" data-settings=\"{&quot;background_background&quot;:&quot;classic&quot;}\">\n\t\t\t\t\t<div class=\"e-con-inner\">\n\t\t\t\t<div class=\"elementor-element elementor-element-18f40b2 elementor-widget elementor-widget-heading\" data-id=\"18f40b2\" data-element_type=\"widget\" data-e-type=\"widget\" data-widget_type=\"heading.default\">\n\t\t\t\t\t<h2 class=\"elementor-heading-title elementor-size-default\">Esszimmer erkunden<\/h2>\t\t\t\t<\/div>\n\t\t<div class=\"elementor-element elementor-element-355bba6 e-grid e-con-full e-con e-child\" data-id=\"355bba6\" data-element_type=\"container\" data-e-type=\"container\">\n\t\t<div class=\"elementor-element elementor-element-6b7dd48 e-con-full e-flex e-con e-child\" data-id=\"6b7dd48\" data-element_type=\"container\" data-e-type=\"container\">\n\t\t\t\t<div class=\"elementor-element elementor-element-7d73329 elementor-widget elementor-widget-image\" data-id=\"7d73329\" data-element_type=\"widget\" data-e-type=\"widget\" data-widget_type=\"image.default\">\n\t\t\t\t\t\t\t\t\t\t\t\t\t\t\t<img fetchpriority=\"high\" decoding=\"async\" width=\"800\" height=\"800\" src=\"https:\/\/erzengelmg.r2ait.in\/wp-content\/uploads\/2026\/03\/tile-living-w0JO8-hL.jpg\" class=\"attachment-full size-full wp-image-3018\" alt=\"\" srcset=\"https:\/\/erzengelmg.r2ait.in\/wp-content\/uploads\/2026\/03\/tile-living-w0JO8-hL.jpg 800w, https:\/\/erzengelmg.r2ait.in\/wp-content\/uploads\/2026\/03\/tile-living-w0JO8-hL-300x300.jpg 300w, https:\/\/erzengelmg.r2ait.in\/wp-content\/uploads\/2026\/03\/tile-living-w0JO8-hL-150x150.jpg 150w, https:\/\/erzengelmg.r2ait.in\/wp-content\/uploads\/2026\/03\/tile-living-w0JO8-hL-768x768.jpg 768w, https:\/\/erzengelmg.r2ait.in\/wp-content\/uploads\/2026\/03\/tile-living-w0JO8-hL-12x12.jpg 12w, https:\/\/erzengelmg.r2ait.in\/wp-content\/uploads\/2026\/03\/tile-living-w0JO8-hL-600x600.jpg 600w, https:\/\/erzengelmg.r2ait.in\/wp-content\/uploads\/2026\/03\/tile-living-w0JO8-hL-100x100.jpg 100w, https:\/\/erzengelmg.r2ait.in\/wp-content\/uploads\/2026\/03\/tile-living-w0JO8-hL-64x64.jpg 64w\" sizes=\"(max-width: 800px) 100vw, 800px\" \/>\t\t\t\t\t\t\t\t\t\t\t\t\t\t\t<\/div>\n\t\t\t\t<\/div>\n\t\t<div class=\"elementor-element elementor-element-a498ef2 e-con-full e-flex e-con e-child\" data-id=\"a498ef2\" data-element_type=\"container\" data-e-type=\"container\">\n\t\t\t\t<div class=\"elementor-element elementor-element-c6bcb13 elementor-widget elementor-widget-image\" data-id=\"c6bcb13\" data-element_type=\"widget\" data-e-type=\"widget\" data-widget_type=\"image.default\">\n\t\t\t\t\t\t\t\t\t\t\t\t\t\t\t<img decoding=\"async\" width=\"800\" height=\"800\" src=\"https:\/\/erzengelmg.r2ait.in\/wp-content\/uploads\/2026\/03\/tile-dining-sS5wmAZl.jpg\" class=\"attachment-full size-full wp-image-3019\" alt=\"\" srcset=\"https:\/\/erzengelmg.r2ait.in\/wp-content\/uploads\/2026\/03\/tile-dining-sS5wmAZl.jpg 800w, https:\/\/erzengelmg.r2ait.in\/wp-content\/uploads\/2026\/03\/tile-dining-sS5wmAZl-300x300.jpg 300w, https:\/\/erzengelmg.r2ait.in\/wp-content\/uploads\/2026\/03\/tile-dining-sS5wmAZl-150x150.jpg 150w, https:\/\/erzengelmg.r2ait.in\/wp-content\/uploads\/2026\/03\/tile-dining-sS5wmAZl-768x768.jpg 768w, https:\/\/erzengelmg.r2ait.in\/wp-content\/uploads\/2026\/03\/tile-dining-sS5wmAZl-12x12.jpg 12w, https:\/\/erzengelmg.r2ait.in\/wp-content\/uploads\/2026\/03\/tile-dining-sS5wmAZl-600x600.jpg 600w, https:\/\/erzengelmg.r2ait.in\/wp-content\/uploads\/2026\/03\/tile-dining-sS5wmAZl-100x100.jpg 100w, https:\/\/erzengelmg.r2ait.in\/wp-content\/uploads\/2026\/03\/tile-dining-sS5wmAZl-64x64.jpg 64w\" sizes=\"(max-width: 800px) 100vw, 800px\" \/>\t\t\t\t\t\t\t\t\t\t\t\t\t\t\t<\/div>\n\t\t\t\t<\/div>\n\t\t<div class=\"elementor-element elementor-element-5c4b706 e-con-full e-flex e-con e-child\" data-id=\"5c4b706\" data-element_type=\"container\" data-e-type=\"container\">\n\t\t\t\t<div class=\"elementor-element elementor-element-1e3ee36 elementor-widget elementor-widget-image\" data-id=\"1e3ee36\" data-element_type=\"widget\" data-e-type=\"widget\" data-widget_type=\"image.default\">\n\t\t\t\t\t\t\t\t\t\t\t\t\t\t\t<img decoding=\"async\" width=\"800\" height=\"800\" src=\"https:\/\/erzengelmg.r2ait.in\/wp-content\/uploads\/2026\/03\/tile-bedroom-DK636nMp.jpg\" class=\"attachment-full size-full wp-image-3020\" alt=\"\" srcset=\"https:\/\/erzengelmg.r2ait.in\/wp-content\/uploads\/2026\/03\/tile-bedroom-DK636nMp.jpg 800w, https:\/\/erzengelmg.r2ait.in\/wp-content\/uploads\/2026\/03\/tile-bedroom-DK636nMp-300x300.jpg 300w, https:\/\/erzengelmg.r2ait.in\/wp-content\/uploads\/2026\/03\/tile-bedroom-DK636nMp-150x150.jpg 150w, https:\/\/erzengelmg.r2ait.in\/wp-content\/uploads\/2026\/03\/tile-bedroom-DK636nMp-768x768.jpg 768w, https:\/\/erzengelmg.r2ait.in\/wp-content\/uploads\/2026\/03\/tile-bedroom-DK636nMp-12x12.jpg 12w, https:\/\/erzengelmg.r2ait.in\/wp-content\/uploads\/2026\/03\/tile-bedroom-DK636nMp-600x600.jpg 600w, https:\/\/erzengelmg.r2ait.in\/wp-content\/uploads\/2026\/03\/tile-bedroom-DK636nMp-100x100.jpg 100w, https:\/\/erzengelmg.r2ait.in\/wp-content\/uploads\/2026\/03\/tile-bedroom-DK636nMp-64x64.jpg 64w\" sizes=\"(max-width: 800px) 100vw, 800px\" \/>\t\t\t\t\t\t\t\t\t\t\t\t\t\t\t<\/div>\n\t\t\t\t<\/div>\n\t\t<div class=\"elementor-element elementor-element-a1df5ec e-con-full e-flex e-con e-child\" data-id=\"a1df5ec\" data-element_type=\"container\" data-e-type=\"container\">\n\t\t\t\t<div class=\"elementor-element elementor-element-4398e88 elementor-widget elementor-widget-image\" data-id=\"4398e88\" data-element_type=\"widget\" data-e-type=\"widget\" data-widget_type=\"image.default\">\n\t\t\t\t\t\t\t\t\t\t\t\t\t\t\t<img loading=\"lazy\" decoding=\"async\" width=\"800\" height=\"800\" src=\"https:\/\/erzengelmg.r2ait.in\/wp-content\/uploads\/2026\/03\/tile-outdoor-DpWaTegz.jpg\" class=\"attachment-full size-full wp-image-3022\" alt=\"\" srcset=\"https:\/\/erzengelmg.r2ait.in\/wp-content\/uploads\/2026\/03\/tile-outdoor-DpWaTegz.jpg 800w, https:\/\/erzengelmg.r2ait.in\/wp-content\/uploads\/2026\/03\/tile-outdoor-DpWaTegz-300x300.jpg 300w, https:\/\/erzengelmg.r2ait.in\/wp-content\/uploads\/2026\/03\/tile-outdoor-DpWaTegz-150x150.jpg 150w, https:\/\/erzengelmg.r2ait.in\/wp-content\/uploads\/2026\/03\/tile-outdoor-DpWaTegz-768x768.jpg 768w, https:\/\/erzengelmg.r2ait.in\/wp-content\/uploads\/2026\/03\/tile-outdoor-DpWaTegz-12x12.jpg 12w, https:\/\/erzengelmg.r2ait.in\/wp-content\/uploads\/2026\/03\/tile-outdoor-DpWaTegz-600x600.jpg 600w, https:\/\/erzengelmg.r2ait.in\/wp-content\/uploads\/2026\/03\/tile-outdoor-DpWaTegz-100x100.jpg 100w, https:\/\/erzengelmg.r2ait.in\/wp-content\/uploads\/2026\/03\/tile-outdoor-DpWaTegz-64x64.jpg 64w\" sizes=\"(max-width: 800px) 100vw, 800px\" \/>\t\t\t\t\t\t\t\t\t\t\t\t\t\t\t<\/div>\n\t\t\t\t<\/div>\n\t\t\t\t<\/div>\n\t\t\t\t\t<\/div>\n\t\t\t\t<\/div>\n\t\t\t\t<\/div>","protected":false},"excerpt":{"rendered":"<p>Esszimmer Das Wohnzimmer ist das Herzst\u00fcck eines jeden Zuhauses \u2013 ein Ort der Begegnung, Entspannung und des pers\u00f6nlichen Ausdrucks. Unsere [&hellip;]<\/p>\n","protected":false},"author":3,"featured_media":0,"parent":0,"menu_order":0,"comment_status":"closed","ping_status":"closed","template":"elementor_header_footer","meta":{"_acf_changed":false,"site-sidebar-layout":"no-sidebar","site-content-layout":"","ast-site-content-layout":"full-width-container","site-content-style":"default","site-sidebar-style":"default","ast-global-header-display":"","ast-banner-title-visibility":"","ast-main-header-display":"","ast-hfb-above-header-display":"","ast-hfb-below-header-display":"","ast-hfb-mobile-header-display":"","site-post-title":"","ast-breadcrumbs-content":"","ast-featured-img":"disabled","footer-sml-layout":"","ast-disable-related-posts":"","theme-transparent-header-meta":"default","adv-header-id-meta":"","stick-header-meta":"","header-above-stick-meta":"","header-main-stick-meta":"","header-below-stick-meta":"","astra-migrate-meta-layouts":"set","ast-page-background-enabled":"default","ast-page-background-meta":{"desktop":{"background-color":"var(--ast-global-color-5)","background-image":"","background-repeat":"repeat","background-position":"center center","background-size":"auto","background-attachment":"scroll","background-type":"","background-media":"","overlay-type":"","overlay-color":"","overlay-opacity":"","overlay-gradient":""},"tablet":{"background-color":"","background-image":"","background-repeat":"repeat","background-position":"center center","background-size":"auto","background-attachment":"scroll","background-type":"","background-media":"","overlay-type":"","overlay-color":"","overlay-opacity":"","overlay-gradient":""},"mobile":{"background-color":"","background-image":"","background-repeat":"repeat","background-position":"center center","background-size":"auto","background-attachment":"scroll","background-type":"","background-media":"","overlay-type":"","overlay-color":"","overlay-opacity":"","overlay-gradient":""}},"ast-content-background-meta":{"desktop":{"background-color":"var(--ast-global-color-4)","background-image":"","background-repeat":"repeat","background-position":"center center","background-size":"auto","background-attachment":"scroll","background-type":"","background-media":"","overlay-type":"","overlay-color":"","overlay-opacity":"","overlay-gradient":""},"tablet":{"background-color":"var(--ast-global-color-4)","background-image":"","background-repeat":"repeat","background-position":"center center","background-size":"auto","background-attachment":"scroll","background-type":"","background-media":"","overlay-type":"","overlay-color":"","overlay-opacity":"","overlay-gradient":""},"mobile":{"background-color":"var(--ast-global-color-4)","background-image":"","background-repeat":"repeat","background-position":"center center","background-size":"auto","background-attachment":"scroll","background-type":"","background-media":"","overlay-type":"","overlay-color":"","overlay-opacity":"","overlay-gradient":""}},"footnotes":""},"class_list":["post-2938","page","type-page","status-publish","hentry"],"acf":[],"_links":{"self":[{"href":"https:\/\/erzengelmg.r2ait.in\/en\/wp-json\/wp\/v2\/pages\/2938","targetHints":{"allow":["GET"]}}],"collection":[{"href":"https:\/\/erzengelmg.r2ait.in\/en\/wp-json\/wp\/v2\/pages"}],"about":[{"href":"https:\/\/erzengelmg.r2ait.in\/en\/wp-json\/wp\/v2\/types\/page"}],"author":[{"embeddable":true,"href":"https:\/\/erzengelmg.r2ait.in\/en\/wp-json\/wp\/v2\/users\/3"}],"replies":[{"embeddable":true,"href":"https:\/\/erzengelmg.r2ait.in\/en\/wp-json\/wp\/v2\/comments?post=2938"}],"version-history":[{"count":31,"href":"https:\/\/erzengelmg.r2ait.in\/en\/wp-json\/wp\/v2\/pages\/2938\/revisions"}],"predecessor-version":[{"id":4472,"href":"https:\/\/erzengelmg.r2ait.in\/en\/wp-json\/wp\/v2\/pages\/2938\/revisions\/4472"}],"wp:attachment":[{"href":"https:\/\/erzengelmg.r2ait.in\/en\/wp-json\/wp\/v2\/media?parent=2938"}],"curies":[{"name":"wp","href":"https:\/\/api.w.org\/{rel}","templated":true}]}}