{"id":1657,"date":"2026-02-20T07:30:42","date_gmt":"2026-02-20T07:30:42","guid":{"rendered":"https:\/\/erzengelmg.r2ait.in\/?page_id=1657"},"modified":"2026-03-12T07:38:49","modified_gmt":"2026-03-12T07:38:49","slug":"tagebuch","status":"publish","type":"page","link":"https:\/\/erzengelmg.r2ait.in\/en\/tagebuch\/","title":{"rendered":"TAGEBUCH"},"content":{"rendered":"<div data-elementor-type=\"wp-page\" data-elementor-id=\"1657\" class=\"elementor elementor-1657\" data-elementor-post-type=\"page\">\n\t\t\t\t<div class=\"elementor-element elementor-element-db02f2b e-flex e-con-boxed e-con e-parent\" data-id=\"db02f2b\" data-element_type=\"container\" data-e-type=\"container\">\n\t\t\t\t\t<div class=\"e-con-inner\">\n\t\t<div class=\"elementor-element elementor-element-e03d141 e-con-full e-flex e-con e-child\" data-id=\"e03d141\" data-element_type=\"container\" data-e-type=\"container\">\n\t\t\t\t<div class=\"elementor-element elementor-element-e8e1bfe elementor-widget elementor-widget-heading\" data-id=\"e8e1bfe\" data-element_type=\"widget\" data-e-type=\"widget\" data-widget_type=\"heading.default\">\n\t\t\t\t\t<h1 class=\"elementor-heading-title elementor-size-default\">Journal<\/h1>\t\t\t\t<\/div>\n\t\t\t\t<div class=\"elementor-element elementor-element-dfa1e7b elementor-widget elementor-widget-text-editor\" data-id=\"dfa1e7b\" data-element_type=\"widget\" data-e-type=\"widget\" data-widget_type=\"text-editor.default\">\n\t\t\t\t\t\t\t\t\t<p data-start=\"273\" data-end=\"529\">Our journal is a curated space where we share ideas, inspiration, and practical advice about interior design. From modern minimalism to timeless classics, we explore styles, materials, colors, and concepts that transform spaces into meaningful experiences. Whether you&#8217;re redesigning your home, styling a new apartment, or simply seeking inspiration, our articles are here to guide you.<\/p>\t\t\t\t\t\t\t\t<\/div>\n\t\t\t\t<\/div>\n\t\t\t\t\t<\/div>\n\t\t\t\t<\/div>\n\t\t<div class=\"elementor-element elementor-element-cef528d e-flex e-con-boxed e-con e-parent\" data-id=\"cef528d\" data-element_type=\"container\" data-e-type=\"container\">\n\t\t\t\t\t<div class=\"e-con-inner\">\n\t\t<div class=\"elementor-element elementor-element-8696fa5 e-con-full e-flex e-con e-child\" data-id=\"8696fa5\" data-element_type=\"container\" data-e-type=\"container\">\n\t\t\t\t<div class=\"elementor-element elementor-element-bc9db30 elementor-widget elementor-widget-elementskit-blog-posts\" data-id=\"bc9db30\" data-element_type=\"widget\" data-e-type=\"widget\" data-settings=\"{&quot;_animation&quot;:&quot;none&quot;}\" data-widget_type=\"elementskit-blog-posts.default\">\n\t\t\t\t\t<div class=\"ekit-wid-con\" >        <div id=\"post-items--bc9db30\" class=\"row post-items\">\n                    <div class=\"col-lg-4 col-md-6\">\n\n                                    <div class=\"elementskit-post-image-card\">\n                        <div class=\"elementskit-entry-header\">\n                                                            <a href=\"https:\/\/erzengelmg.r2ait.in\/en\/zeitlose-wohnkonzepte-minimalismus-neu-gedacht\/\" class=\"elementskit-entry-thumb\">\n                                    <img decoding=\"async\" src=\"https:\/\/erzengelmg.r2ait.in\/wp-content\/uploads\/2026\/02\/Untitled-design-2.png\" alt=\"Zeitlose Wohnkonzepte: Minimalismus neu gedacht\">\n                                <\/a><!-- .elementskit-entry-thumb END -->\n                                                            \n                            \n\t\t\t\t\t\t\t\t\t\t\t\t\t<\/div><!-- .elementskit-entry-header END -->\n\n\t\t\t\t\t\t<div class=\"elementskit-post-body\">\n\t\t\t\t\t\t\t\n\t\t\t\t\t\t\t\t\t\t\t\t\t\t\t\t\t\t\t\t\t\t\t\t\t\t\t\t\t\t\n\t\t\t\t\t\t\t\t\n\t\t\t\t\t\t\t\t\t\t\t\t\t\t\t\t\t\t\t\t\t<h2 class=\"entry-title\">\n\t\t\t\t\t<a href=\"https:\/\/erzengelmg.r2ait.in\/en\/zeitlose-wohnkonzepte-minimalismus-neu-gedacht\/\">\n\t\t\t\t\t\tTimeless living concepts: Minimalism reimagined\t\t\t\t\t<\/a>\n\t\t\t\t<\/h2>\n\t\t\t\t\t\t\t\t\t\t\t\t\t\t\t\t\t\t\t\t\t\t\t\t\t\t\t\t\t\t\t\t\t\t\t\t\t\t\t\t\t\t<p>Minimalismus ist mehr als nur ein Trend \u2013 es ist eine Lebensphilosophie. Reduziertes Design bedeutet nicht Verzicht, sondern&hellip;<\/p>\n\t\t\t\t\t\t\t\t\t\t\t\t\t\t\t\t\t\t\t\t\t\t                                                            <div class=\"btn-wraper\">\n                                    \n                                                                            <a class=\"elementskit-btn whitespace--normal\" id=\"\" href=\"https:\/\/erzengelmg.r2ait.in\/en\/zeitlose-wohnkonzepte-minimalismus-neu-gedacht\/\">\n                                        \t                                                                                    <\/a>\n                                                                    <\/div>\n                                                    <\/div><!-- .elementskit-post-body END -->\n                    <\/div>\n                \n            <\/div>\n                    <div class=\"col-lg-4 col-md-6\">\n\n                                    <div class=\"elementskit-post-image-card\">\n                        <div class=\"elementskit-entry-header\">\n                                                            <a href=\"https:\/\/erzengelmg.r2ait.in\/en\/kleine-wohnung-groser-stil-tipps-fur-platzsparende-mobel\/\" class=\"elementskit-entry-thumb\">\n                                    <img decoding=\"async\" src=\"https:\/\/erzengelmg.r2ait.in\/wp-content\/uploads\/2026\/02\/minimalist-studio-apartment-multifunctional-furniture-spacesaving-solutions-minimalist-decor-max_1230253-912.avif\" alt=\"Kleine Wohnung? Gro\u00dfer Stil! Tipps f\u00fcr platzsparende M\u00f6bel\">\n                                <\/a><!-- .elementskit-entry-thumb END -->\n                                                            \n                            \n\t\t\t\t\t\t\t\t\t\t\t\t\t<\/div><!-- .elementskit-entry-header END -->\n\n\t\t\t\t\t\t<div class=\"elementskit-post-body\">\n\t\t\t\t\t\t\t\n\t\t\t\t\t\t\t\t\t\t\t\t\t\t\t\t\t\t\t\t\t\t\t\t\t\t\t\t\t\t\n\t\t\t\t\t\t\t\t\n\t\t\t\t\t\t\t\t\t\t\t\t\t\t\t\t\t\t\t\t\t<h2 class=\"entry-title\">\n\t\t\t\t\t<a href=\"https:\/\/erzengelmg.r2ait.in\/en\/kleine-wohnung-groser-stil-tipps-fur-platzsparende-mobel\/\">\n\t\t\t\t\t\tKleine Wohnung? Gro\u00dfer Stil! Tipps f\u00fcr platzsparende&hellip;\t\t\t\t\t<\/a>\n\t\t\t\t<\/h2>\n\t\t\t\t\t\t\t\t\t\t\t\t\t\t\t\t\t\t\t\t\t\t\t\t\t\t\t\t\t\t\t\t\t\t\t\t\t\t\t\t\t\t<p>Auch kleine R\u00e4ume k\u00f6nnen gro\u00df wirken \u2013 mit dem richtigen Konzept. Helle Farben lassen R\u00e4ume optisch gr\u00f6\u00dfer erscheinen.&hellip;<\/p>\n\t\t\t\t\t\t\t\t\t\t\t\t\t\t\t\t\t\t\t\t\t\t                                                            <div class=\"btn-wraper\">\n                                    \n                                                                            <a class=\"elementskit-btn whitespace--normal\" id=\"\" href=\"https:\/\/erzengelmg.r2ait.in\/en\/kleine-wohnung-groser-stil-tipps-fur-platzsparende-mobel\/\">\n                                        \t                                                                                    <\/a>\n                                                                    <\/div>\n                                                    <\/div><!-- .elementskit-post-body END -->\n                    <\/div>\n                \n            <\/div>\n                    <div class=\"col-lg-4 col-md-6\">\n\n                                    <div class=\"elementskit-post-image-card\">\n                        <div class=\"elementskit-entry-header\">\n                                                            <a href=\"https:\/\/erzengelmg.r2ait.in\/en\/wie-sie-den-perfekten-esstisch-fur-ihren-raum-auswahlen\/\" class=\"elementskit-entry-thumb\">\n                                    <img decoding=\"async\" src=\"https:\/\/erzengelmg.r2ait.in\/wp-content\/uploads\/2026\/02\/chair-modern-table-interior-indoor-scaled.jpg\" alt=\"Wie Sie den perfekten Esstisch f\u00fcr Ihren Raum ausw\u00e4hlen\">\n                                <\/a><!-- .elementskit-entry-thumb END -->\n                                                            \n                            \n\t\t\t\t\t\t\t\t\t\t\t\t\t<\/div><!-- .elementskit-entry-header END -->\n\n\t\t\t\t\t\t<div class=\"elementskit-post-body\">\n\t\t\t\t\t\t\t\n\t\t\t\t\t\t\t\t\t\t\t\t\t\t\t\t\t\t\t\t\t\t\t\t\t\t\t\t\t\t\n\t\t\t\t\t\t\t\t\n\t\t\t\t\t\t\t\t\t\t\t\t\t\t\t\t\t\t\t\t\t<h2 class=\"entry-title\">\n\t\t\t\t\t<a href=\"https:\/\/erzengelmg.r2ait.in\/en\/wie-sie-den-perfekten-esstisch-fur-ihren-raum-auswahlen\/\">\n\t\t\t\t\t\tWie Sie den perfekten Esstisch f\u00fcr Ihren&hellip;\t\t\t\t\t<\/a>\n\t\t\t\t<\/h2>\n\t\t\t\t\t\t\t\t\t\t\t\t\t\t\t\t\t\t\t\t\t\t\t\t\t\t\t\t\t\t\t\t\t\t\t\t\t\t\t\t\t\t<p>Der Esstisch ist das Herzst\u00fcck des Essbereichs. Die richtige Gr\u00f6\u00dfe h\u00e4ngt von Raum und Nutzung ab. Holz sorgt&hellip;<\/p>\n\t\t\t\t\t\t\t\t\t\t\t\t\t\t\t\t\t\t\t\t\t\t                                                            <div class=\"btn-wraper\">\n                                    \n                                                                            <a class=\"elementskit-btn whitespace--normal\" id=\"\" href=\"https:\/\/erzengelmg.r2ait.in\/en\/wie-sie-den-perfekten-esstisch-fur-ihren-raum-auswahlen\/\">\n                                        \t                                                                                    <\/a>\n                                                                    <\/div>\n                                                    <\/div><!-- .elementskit-post-body END -->\n                    <\/div>\n                \n            <\/div>\n                    <div class=\"col-lg-4 col-md-6\">\n\n                                    <div class=\"elementskit-post-image-card\">\n                        <div class=\"elementskit-entry-header\">\n                                                            <a href=\"https:\/\/erzengelmg.r2ait.in\/en\/top-5-sofa-trends-for-modern-homes\/\" class=\"elementskit-entry-thumb\">\n                                    <img decoding=\"async\" src=\"https:\/\/erzengelmg.r2ait.in\/wp-content\/uploads\/2026\/02\/scandinavian-style-bright-classic-modern-luxury-living-dining-room-kitchen-with-wooden-white-marble-details-new-stylish-furniture-cozy-sofa-couch-minimalistic-nordic-interior-design_124463-1846.jpg\" alt=\"Die 5 wichtigsten Sofa-Trends f\u00fcr moderne Wohnungen\">\n                                <\/a><!-- .elementskit-entry-thumb END -->\n                                                            \n                            \n\t\t\t\t\t\t\t\t\t\t\t\t\t<\/div><!-- .elementskit-entry-header END -->\n\n\t\t\t\t\t\t<div class=\"elementskit-post-body\">\n\t\t\t\t\t\t\t\n\t\t\t\t\t\t\t\t\t\t\t\t\t\t\t\t\t\t\t\t\t\t\t\t\t\t\t\t\t\t\n\t\t\t\t\t\t\t\t\n\t\t\t\t\t\t\t\t\t\t\t\t\t\t\t\t\t\t\t\t\t<h2 class=\"entry-title\">\n\t\t\t\t\t<a href=\"https:\/\/erzengelmg.r2ait.in\/en\/top-5-sofa-trends-for-modern-homes\/\">\n\t\t\t\t\t\tThe 5 most important sofa trends for modern apartments\t\t\t\t\t<\/a>\n\t\t\t\t<\/h2>\n\t\t\t\t\t\t\t\t\t\t\t\t\t\t\t\t\t\t\t\t\t\t\t\t\t\t\t\t\t\t\t\t\t\t\t\t\t\t\t\t\t\t<p>Das Sofa ist der Mittelpunkt jedes Wohnzimmers. Modulare Sofas bieten maximale Flexibilit\u00e4t. Nat\u00fcrliche Stoffe liegen im Trend. Sanfte&hellip;<\/p>\n\t\t\t\t\t\t\t\t\t\t\t\t\t\t\t\t\t\t\t\t\t\t                                                            <div class=\"btn-wraper\">\n                                    \n                                                                            <a class=\"elementskit-btn whitespace--normal\" id=\"\" href=\"https:\/\/erzengelmg.r2ait.in\/en\/top-5-sofa-trends-for-modern-homes\/\">\n                                        \t                                                                                    <\/a>\n                                                                    <\/div>\n                                                    <\/div><!-- .elementskit-post-body END -->\n                    <\/div>\n                \n            <\/div>\n                <\/div>\n       <\/div>\t\t\t\t<\/div>\n\t\t\t\t<\/div>\n\t\t\t\t\t<\/div>\n\t\t\t\t<\/div>\n\t\t\t\t<\/div>","protected":false},"excerpt":{"rendered":"<p>Journal Our journal is a curated space where we share ideas, inspiration, and practical advice about interior design. From modern [&hellip;]<\/p>\n","protected":false},"author":3,"featured_media":0,"parent":0,"menu_order":0,"comment_status":"closed","ping_status":"closed","template":"elementor_header_footer","meta":{"_acf_changed":false,"site-sidebar-layout":"no-sidebar","site-content-layout":"","ast-site-content-layout":"full-width-container","site-content-style":"default","site-sidebar-style":"default","ast-global-header-display":"","ast-banner-title-visibility":"","ast-main-header-display":"","ast-hfb-above-header-display":"","ast-hfb-below-header-display":"","ast-hfb-mobile-header-display":"","site-post-title":"","ast-breadcrumbs-content":"","ast-featured-img":"disabled","footer-sml-layout":"","ast-disable-related-posts":"","theme-transparent-header-meta":"default","adv-header-id-meta":"","stick-header-meta":"","header-above-stick-meta":"","header-main-stick-meta":"","header-below-stick-meta":"","astra-migrate-meta-layouts":"set","ast-page-background-enabled":"default","ast-page-background-meta":{"desktop":{"background-color":"var(--ast-global-color-5)","background-image":"","background-repeat":"repeat","background-position":"center center","background-size":"auto","background-attachment":"scroll","background-type":"","background-media":"","overlay-type":"","overlay-color":"","overlay-opacity":"","overlay-gradient":""},"tablet":{"background-color":"","background-image":"","background-repeat":"repeat","background-position":"center center","background-size":"auto","background-attachment":"scroll","background-type":"","background-media":"","overlay-type":"","overlay-color":"","overlay-opacity":"","overlay-gradient":""},"mobile":{"background-color":"","background-image":"","background-repeat":"repeat","background-position":"center center","background-size":"auto","background-attachment":"scroll","background-type":"","background-media":"","overlay-type":"","overlay-color":"","overlay-opacity":"","overlay-gradient":""}},"ast-content-background-meta":{"desktop":{"background-color":"var(--ast-global-color-4)","background-image":"","background-repeat":"repeat","background-position":"center center","background-size":"auto","background-attachment":"scroll","background-type":"","background-media":"","overlay-type":"","overlay-color":"","overlay-opacity":"","overlay-gradient":""},"tablet":{"background-color":"var(--ast-global-color-4)","background-image":"","background-repeat":"repeat","background-position":"center center","background-size":"auto","background-attachment":"scroll","background-type":"","background-media":"","overlay-type":"","overlay-color":"","overlay-opacity":"","overlay-gradient":""},"mobile":{"background-color":"var(--ast-global-color-4)","background-image":"","background-repeat":"repeat","background-position":"center center","background-size":"auto","background-attachment":"scroll","background-type":"","background-media":"","overlay-type":"","overlay-color":"","overlay-opacity":"","overlay-gradient":""}},"footnotes":""},"class_list":["post-1657","page","type-page","status-publish","hentry"],"acf":[],"_links":{"self":[{"href":"https:\/\/erzengelmg.r2ait.in\/en\/wp-json\/wp\/v2\/pages\/1657","targetHints":{"allow":["GET"]}}],"collection":[{"href":"https:\/\/erzengelmg.r2ait.in\/en\/wp-json\/wp\/v2\/pages"}],"about":[{"href":"https:\/\/erzengelmg.r2ait.in\/en\/wp-json\/wp\/v2\/types\/page"}],"author":[{"embeddable":true,"href":"https:\/\/erzengelmg.r2ait.in\/en\/wp-json\/wp\/v2\/users\/3"}],"replies":[{"embeddable":true,"href":"https:\/\/erzengelmg.r2ait.in\/en\/wp-json\/wp\/v2\/comments?post=1657"}],"version-history":[{"count":142,"href":"https:\/\/erzengelmg.r2ait.in\/en\/wp-json\/wp\/v2\/pages\/1657\/revisions"}],"predecessor-version":[{"id":4809,"href":"https:\/\/erzengelmg.r2ait.in\/en\/wp-json\/wp\/v2\/pages\/1657\/revisions\/4809"}],"wp:attachment":[{"href":"https:\/\/erzengelmg.r2ait.in\/en\/wp-json\/wp\/v2\/media?parent=1657"}],"curies":[{"name":"wp","href":"https:\/\/api.w.org\/{rel}","templated":true}]}}