{"id":4584,"date":"2026-03-12T04:28:57","date_gmt":"2026-03-12T04:28:57","guid":{"rendered":"https:\/\/erzengelmg.r2ait.in\/?post_type=product&#038;p=4584"},"modified":"2026-03-12T04:28:58","modified_gmt":"2026-03-12T04:28:58","slug":"premium-komfortmatratze","status":"publish","type":"product","link":"https:\/\/erzengelmg.r2ait.in\/de\/product\/premium-komfortmatratze\/","title":{"rendered":"Premium-Komfortmatratze"},"content":{"rendered":"<p>Diese hochwertige Matratze sorgt f\u00fcr erholsamen und st\u00fctzenden Schlaf. Ihre ausgewogene Struktur gew\u00e4hrleistet optimale K\u00f6rperunterst\u00fctzung die ganze Nacht. Gefertigt aus komfortablen Materialien f\u00fcr maximale Entspannung. Ideal f\u00fcr eine gesunde Schlafhaltung. Geeignet f\u00fcr verschiedene Bettgestelle und Schlafzimmerstile. Eine ausgezeichnete Wahl f\u00fcr komfortablen Schlaf \u2013 jeden Tag.<\/p>\n","protected":false},"excerpt":{"rendered":"<p>Diese hochwertige Matratze sorgt f\u00fcr erholsamen und st\u00fctzenden Schlaf. Ihre ausgewogene Struktur gew\u00e4hrleistet optimale K\u00f6rperunterst\u00fctzung die ganze Nacht. Gefertigt aus [&hellip;]<\/p>\n","protected":false},"featured_media":3011,"comment_status":"open","ping_status":"closed","template":"","meta":{"_acf_changed":false,"site-sidebar-layout":"default","site-content-layout":"","ast-site-content-layout":"default","site-content-style":"default","site-sidebar-style":"default","ast-global-header-display":"","ast-banner-title-visibility":"","ast-main-header-display":"","ast-hfb-above-header-display":"","ast-hfb-below-header-display":"","ast-hfb-mobile-header-display":"","site-post-title":"","ast-breadcrumbs-content":"","ast-featured-img":"","footer-sml-layout":"","ast-disable-related-posts":"","theme-transparent-header-meta":"default","adv-header-id-meta":"","stick-header-meta":"","header-above-stick-meta":"","header-main-stick-meta":"","header-below-stick-meta":"","astra-migrate-meta-layouts":"set","ast-page-background-enabled":"default","ast-page-background-meta":{"desktop":{"background-color":"var(--ast-global-color-5)","background-image":"","background-repeat":"repeat","background-position":"center center","background-size":"auto","background-attachment":"scroll","background-type":"","background-media":"","overlay-type":"","overlay-color":"","overlay-opacity":"","overlay-gradient":""},"tablet":{"background-color":"","background-image":"","background-repeat":"repeat","background-position":"center center","background-size":"auto","background-attachment":"scroll","background-type":"","background-media":"","overlay-type":"","overlay-color":"","overlay-opacity":"","overlay-gradient":""},"mobile":{"background-color":"","background-image":"","background-repeat":"repeat","background-position":"center center","background-size":"auto","background-attachment":"scroll","background-type":"","background-media":"","overlay-type":"","overlay-color":"","overlay-opacity":"","overlay-gradient":""}},"ast-content-background-meta":{"desktop":{"background-color":"var(--ast-global-color-4)","background-image":"","background-repeat":"repeat","background-position":"center center","background-size":"auto","background-attachment":"scroll","background-type":"","background-media":"","overlay-type":"","overlay-color":"","overlay-opacity":"","overlay-gradient":""},"tablet":{"background-color":"var(--ast-global-color-4)","background-image":"","background-repeat":"repeat","background-position":"center center","background-size":"auto","background-attachment":"scroll","background-type":"","background-media":"","overlay-type":"","overlay-color":"","overlay-opacity":"","overlay-gradient":""},"mobile":{"background-color":"var(--ast-global-color-4)","background-image":"","background-repeat":"repeat","background-position":"center center","background-size":"auto","background-attachment":"scroll","background-type":"","background-media":"","overlay-type":"","overlay-color":"","overlay-opacity":"","overlay-gradient":""}}},"product_brand":[],"product_cat":[109,43],"product_tag":[],"class_list":{"0":"post-4584","1":"product","2":"type-product","3":"status-publish","4":"has-post-thumbnail","6":"product_cat-matratzen","7":"product_cat-sleep","8":"desktop-align-left","9":"tablet-align-left","10":"mobile-align-left","12":"first","13":"instock","14":"shipping-taxable","15":"purchasable","16":"product-type-simple"},"acf":[],"_links":{"self":[{"href":"https:\/\/erzengelmg.r2ait.in\/de\/wp-json\/wp\/v2\/product\/4584","targetHints":{"allow":["GET"]}}],"collection":[{"href":"https:\/\/erzengelmg.r2ait.in\/de\/wp-json\/wp\/v2\/product"}],"about":[{"href":"https:\/\/erzengelmg.r2ait.in\/de\/wp-json\/wp\/v2\/types\/product"}],"replies":[{"embeddable":true,"href":"https:\/\/erzengelmg.r2ait.in\/de\/wp-json\/wp\/v2\/comments?post=4584"}],"version-history":[{"count":1,"href":"https:\/\/erzengelmg.r2ait.in\/de\/wp-json\/wp\/v2\/product\/4584\/revisions"}],"predecessor-version":[{"id":4589,"href":"https:\/\/erzengelmg.r2ait.in\/de\/wp-json\/wp\/v2\/product\/4584\/revisions\/4589"}],"wp:featuredmedia":[{"embeddable":true,"href":"https:\/\/erzengelmg.r2ait.in\/de\/wp-json\/wp\/v2\/media\/3011"}],"wp:attachment":[{"href":"https:\/\/erzengelmg.r2ait.in\/de\/wp-json\/wp\/v2\/media?parent=4584"}],"wp:term":[{"taxonomy":"product_brand","embeddable":true,"href":"https:\/\/erzengelmg.r2ait.in\/de\/wp-json\/wp\/v2\/product_brand?post=4584"},{"taxonomy":"product_cat","embeddable":true,"href":"https:\/\/erzengelmg.r2ait.in\/de\/wp-json\/wp\/v2\/product_cat?post=4584"},{"taxonomy":"product_tag","embeddable":true,"href":"https:\/\/erzengelmg.r2ait.in\/de\/wp-json\/wp\/v2\/product_tag?post=4584"}],"curies":[{"name":"wp","href":"https:\/\/api.w.org\/{rel}","templated":true}]}}