{"id":1495,"date":"2026-02-19T06:37:17","date_gmt":"2026-02-19T06:37:17","guid":{"rendered":"https:\/\/erzengelmg.r2ait.in\/?post_type=product&#038;p=1495"},"modified":"2026-02-21T02:41:07","modified_gmt":"2026-02-21T02:41:07","slug":"gartenstuhl-teak","status":"publish","type":"product","link":"https:\/\/erzengelmg.r2ait.in\/de\/product\/gartenstuhl-teak\/","title":{"rendered":"Gartenstuhl Teak"},"content":{"rendered":"<p>Der Gartenstuhl Teak verleiht Terrassen und G\u00e4rten zeitlose Eleganz. Gefertigt aus hochwertigem Teakholz, das f\u00fcr seine Witterungsbest\u00e4ndigkeit und Langlebigkeit bekannt ist, vereint dieses M\u00f6belst\u00fcck Komfort mit architektonischer Form. Seine ergonomische Struktur sorgt f\u00fcr entspanntes Sitzen, w\u00e4hrend die nat\u00fcrliche Holzmaserung die Sch\u00f6nheit des Au\u00dfenbereichs unterstreicht.<\/p>\n","protected":false},"excerpt":{"rendered":"<p>Eine elegante Sitzgelegenheit f\u00fcr den Au\u00dfenbereich, gefertigt aus hochwertigem Teakholz.<\/p>\n","protected":false},"featured_media":1618,"comment_status":"open","ping_status":"closed","template":"","meta":{"_acf_changed":false,"site-sidebar-layout":"default","site-content-layout":"","ast-site-content-layout":"default","site-content-style":"default","site-sidebar-style":"default","ast-global-header-display":"","ast-banner-title-visibility":"","ast-main-header-display":"","ast-hfb-above-header-display":"","ast-hfb-below-header-display":"","ast-hfb-mobile-header-display":"","site-post-title":"","ast-breadcrumbs-content":"","ast-featured-img":"","footer-sml-layout":"","ast-disable-related-posts":"","theme-transparent-header-meta":"default","adv-header-id-meta":"","stick-header-meta":"","header-above-stick-meta":"","header-main-stick-meta":"","header-below-stick-meta":"","astra-migrate-meta-layouts":"set","ast-page-background-enabled":"default","ast-page-background-meta":{"desktop":{"background-color":"var(--ast-global-color-5)","background-image":"","background-repeat":"repeat","background-position":"center center","background-size":"auto","background-attachment":"scroll","background-type":"","background-media":"","overlay-type":"","overlay-color":"","overlay-opacity":"","overlay-gradient":""},"tablet":{"background-color":"","background-image":"","background-repeat":"repeat","background-position":"center center","background-size":"auto","background-attachment":"scroll","background-type":"","background-media":"","overlay-type":"","overlay-color":"","overlay-opacity":"","overlay-gradient":""},"mobile":{"background-color":"","background-image":"","background-repeat":"repeat","background-position":"center center","background-size":"auto","background-attachment":"scroll","background-type":"","background-media":"","overlay-type":"","overlay-color":"","overlay-opacity":"","overlay-gradient":""}},"ast-content-background-meta":{"desktop":{"background-color":"var(--ast-global-color-4)","background-image":"","background-repeat":"repeat","background-position":"center center","background-size":"auto","background-attachment":"scroll","background-type":"","background-media":"","overlay-type":"","overlay-color":"","overlay-opacity":"","overlay-gradient":""},"tablet":{"background-color":"var(--ast-global-color-4)","background-image":"","background-repeat":"repeat","background-position":"center center","background-size":"auto","background-attachment":"scroll","background-type":"","background-media":"","overlay-type":"","overlay-color":"","overlay-opacity":"","overlay-gradient":""},"mobile":{"background-color":"var(--ast-global-color-4)","background-image":"","background-repeat":"repeat","background-position":"center center","background-size":"auto","background-attachment":"scroll","background-type":"","background-media":"","overlay-type":"","overlay-color":"","overlay-opacity":"","overlay-gradient":""}}},"product_brand":[],"product_cat":[46],"product_tag":[],"class_list":{"0":"post-1495","1":"product","2":"type-product","3":"status-publish","4":"has-post-thumbnail","6":"product_cat-outdoor","7":"desktop-align-left","8":"tablet-align-left","9":"mobile-align-left","11":"first","12":"instock","13":"shipping-taxable","14":"purchasable","15":"product-type-simple"},"acf":[],"_links":{"self":[{"href":"https:\/\/erzengelmg.r2ait.in\/de\/wp-json\/wp\/v2\/product\/1495","targetHints":{"allow":["GET"]}}],"collection":[{"href":"https:\/\/erzengelmg.r2ait.in\/de\/wp-json\/wp\/v2\/product"}],"about":[{"href":"https:\/\/erzengelmg.r2ait.in\/de\/wp-json\/wp\/v2\/types\/product"}],"replies":[{"embeddable":true,"href":"https:\/\/erzengelmg.r2ait.in\/de\/wp-json\/wp\/v2\/comments?post=1495"}],"version-history":[{"count":1,"href":"https:\/\/erzengelmg.r2ait.in\/de\/wp-json\/wp\/v2\/product\/1495\/revisions"}],"predecessor-version":[{"id":1560,"href":"https:\/\/erzengelmg.r2ait.in\/de\/wp-json\/wp\/v2\/product\/1495\/revisions\/1560"}],"wp:featuredmedia":[{"embeddable":true,"href":"https:\/\/erzengelmg.r2ait.in\/de\/wp-json\/wp\/v2\/media\/1618"}],"wp:attachment":[{"href":"https:\/\/erzengelmg.r2ait.in\/de\/wp-json\/wp\/v2\/media?parent=1495"}],"wp:term":[{"taxonomy":"product_brand","embeddable":true,"href":"https:\/\/erzengelmg.r2ait.in\/de\/wp-json\/wp\/v2\/product_brand?post=1495"},{"taxonomy":"product_cat","embeddable":true,"href":"https:\/\/erzengelmg.r2ait.in\/de\/wp-json\/wp\/v2\/product_cat?post=1495"},{"taxonomy":"product_tag","embeddable":true,"href":"https:\/\/erzengelmg.r2ait.in\/de\/wp-json\/wp\/v2\/product_tag?post=1495"}],"curies":[{"name":"wp","href":"https:\/\/api.w.org\/{rel}","templated":true}]}}