{"id":2939,"date":"2026-03-03T10:39:51","date_gmt":"2026-03-03T10:39:51","guid":{"rendered":"https:\/\/erzengelmg.r2ait.in\/?page_id=2939"},"modified":"2026-03-11T09:35:15","modified_gmt":"2026-03-11T09:35:15","slug":"schlafzimmer","status":"publish","type":"page","link":"https:\/\/erzengelmg.r2ait.in\/de\/schlafzimmer\/","title":{"rendered":"Schlafzimmer"},"content":{"rendered":"\t\t<div data-elementor-type=\"wp-page\" data-elementor-id=\"2939\" class=\"elementor elementor-2939\" data-elementor-post-type=\"page\">\n\t\t\t\t<div class=\"elementor-element elementor-element-d502e13 e-flex e-con-boxed e-con e-parent\" data-id=\"d502e13\" data-element_type=\"container\" data-e-type=\"container\" data-settings=\"{&quot;background_background&quot;:&quot;classic&quot;}\">\n\t\t\t\t\t<div class=\"e-con-inner\">\n\t\t<div class=\"elementor-element elementor-element-facf7df e-con-full e-flex e-con e-child\" data-id=\"facf7df\" data-element_type=\"container\" data-e-type=\"container\">\n\t\t\t\t<div class=\"elementor-element elementor-element-2a0ffdd elementor-widget elementor-widget-heading\" data-id=\"2a0ffdd\" data-element_type=\"widget\" data-e-type=\"widget\" data-widget_type=\"heading.default\">\n\t\t\t\t\t<h2 class=\"elementor-heading-title elementor-size-default\">Schlafzimmer<\/h2>\t\t\t\t<\/div>\n\t\t\t\t<div class=\"elementor-element elementor-element-9cee6ee elementor-widget elementor-widget-text-editor\" data-id=\"9cee6ee\" data-element_type=\"widget\" data-e-type=\"widget\" data-widget_type=\"text-editor.default\">\n\t\t\t\t\t\t\t\t\t<p>Privatresidenz, Zuerich<\/p>\t\t\t\t\t\t\t\t<\/div>\n\t\t\t\t<\/div>\n\t\t\t\t\t<\/div>\n\t\t\t\t<\/div>\n\t\t<div class=\"elementor-element elementor-element-62fd8d6 e-flex e-con-boxed e-con e-parent\" data-id=\"62fd8d6\" data-element_type=\"container\" data-e-type=\"container\" data-settings=\"{&quot;background_background&quot;:&quot;classic&quot;}\">\n\t\t\t\t\t<div class=\"e-con-inner\">\n\t\t\t\t<div class=\"elementor-element elementor-element-74c46e7 elementor-widget elementor-widget-text-editor\" data-id=\"74c46e7\" data-element_type=\"widget\" data-e-type=\"widget\" data-widget_type=\"text-editor.default\">\n\t\t\t\t\t\t\t\t\t<p class=\"text-foreground\/70 leading-relaxed mb-4\">Ihr Schlafzimmer sollte ein Ort der Ruhe und Erholung sein. Wir bieten Ihnen hochwertige Betten, Kleiderschr\u00e4nke und Nachttische aus edelsten Naturmaterialien. Jedes einzelne St\u00fcck wurde entworfen, um Ihrem pers\u00f6nlichen R\u00fcckzugsort Ruhe und Eleganz zu verleihen.<\/p>\t\t\t\t\t\t\t\t<\/div>\n\t\t\t\t\t<\/div>\n\t\t\t\t<\/div>\n\t\t<div class=\"elementor-element elementor-element-125b8bf e-flex e-con-boxed e-con e-parent\" data-id=\"125b8bf\" data-element_type=\"container\" data-e-type=\"container\" data-settings=\"{&quot;background_background&quot;:&quot;classic&quot;}\">\n\t\t\t\t\t<div class=\"e-con-inner\">\n\t\t\t\t<div class=\"elementor-element elementor-element-cea4d4e elementor-widget elementor-widget-heading\" data-id=\"cea4d4e\" data-element_type=\"widget\" data-e-type=\"widget\" data-widget_type=\"heading.default\">\n\t\t\t\t\t<h2 class=\"elementor-heading-title elementor-size-default\">Schlafzimmer erkunden<\/h2>\t\t\t\t<\/div>\n\t\t<div class=\"elementor-element elementor-element-2575561 e-grid e-con-full e-con e-child\" data-id=\"2575561\" data-element_type=\"container\" data-e-type=\"container\">\n\t\t<div class=\"elementor-element elementor-element-fd459a4 e-con-full e-flex e-con e-child\" data-id=\"fd459a4\" data-element_type=\"container\" data-e-type=\"container\">\n\t\t\t\t<div class=\"elementor-element elementor-element-f61fa5f elementor-widget elementor-widget-image\" data-id=\"f61fa5f\" data-element_type=\"widget\" data-e-type=\"widget\" data-widget_type=\"image.default\">\n\t\t\t\t\t\t\t\t\t\t\t\t\t\t\t<img fetchpriority=\"high\" decoding=\"async\" width=\"800\" height=\"800\" src=\"https:\/\/erzengelmg.r2ait.in\/wp-content\/uploads\/2026\/03\/tile-living-w0JO8-hL.jpg\" class=\"attachment-full size-full wp-image-3018\" alt=\"\" srcset=\"https:\/\/erzengelmg.r2ait.in\/wp-content\/uploads\/2026\/03\/tile-living-w0JO8-hL.jpg 800w, https:\/\/erzengelmg.r2ait.in\/wp-content\/uploads\/2026\/03\/tile-living-w0JO8-hL-300x300.jpg 300w, https:\/\/erzengelmg.r2ait.in\/wp-content\/uploads\/2026\/03\/tile-living-w0JO8-hL-150x150.jpg 150w, https:\/\/erzengelmg.r2ait.in\/wp-content\/uploads\/2026\/03\/tile-living-w0JO8-hL-768x768.jpg 768w, https:\/\/erzengelmg.r2ait.in\/wp-content\/uploads\/2026\/03\/tile-living-w0JO8-hL-12x12.jpg 12w, https:\/\/erzengelmg.r2ait.in\/wp-content\/uploads\/2026\/03\/tile-living-w0JO8-hL-600x600.jpg 600w, https:\/\/erzengelmg.r2ait.in\/wp-content\/uploads\/2026\/03\/tile-living-w0JO8-hL-100x100.jpg 100w, https:\/\/erzengelmg.r2ait.in\/wp-content\/uploads\/2026\/03\/tile-living-w0JO8-hL-64x64.jpg 64w\" sizes=\"(max-width: 800px) 100vw, 800px\" \/>\t\t\t\t\t\t\t\t\t\t\t\t\t\t\t<\/div>\n\t\t\t\t<\/div>\n\t\t<div class=\"elementor-element elementor-element-60a22b7 e-con-full e-flex e-con e-child\" data-id=\"60a22b7\" data-element_type=\"container\" data-e-type=\"container\">\n\t\t\t\t<div class=\"elementor-element elementor-element-70042df elementor-widget elementor-widget-image\" data-id=\"70042df\" data-element_type=\"widget\" data-e-type=\"widget\" data-widget_type=\"image.default\">\n\t\t\t\t\t\t\t\t\t\t\t\t\t\t\t<img decoding=\"async\" width=\"800\" height=\"800\" src=\"https:\/\/erzengelmg.r2ait.in\/wp-content\/uploads\/2026\/03\/tile-dining-sS5wmAZl.jpg\" class=\"attachment-full size-full wp-image-3019\" alt=\"\" srcset=\"https:\/\/erzengelmg.r2ait.in\/wp-content\/uploads\/2026\/03\/tile-dining-sS5wmAZl.jpg 800w, https:\/\/erzengelmg.r2ait.in\/wp-content\/uploads\/2026\/03\/tile-dining-sS5wmAZl-300x300.jpg 300w, https:\/\/erzengelmg.r2ait.in\/wp-content\/uploads\/2026\/03\/tile-dining-sS5wmAZl-150x150.jpg 150w, https:\/\/erzengelmg.r2ait.in\/wp-content\/uploads\/2026\/03\/tile-dining-sS5wmAZl-768x768.jpg 768w, https:\/\/erzengelmg.r2ait.in\/wp-content\/uploads\/2026\/03\/tile-dining-sS5wmAZl-12x12.jpg 12w, https:\/\/erzengelmg.r2ait.in\/wp-content\/uploads\/2026\/03\/tile-dining-sS5wmAZl-600x600.jpg 600w, https:\/\/erzengelmg.r2ait.in\/wp-content\/uploads\/2026\/03\/tile-dining-sS5wmAZl-100x100.jpg 100w, https:\/\/erzengelmg.r2ait.in\/wp-content\/uploads\/2026\/03\/tile-dining-sS5wmAZl-64x64.jpg 64w\" sizes=\"(max-width: 800px) 100vw, 800px\" \/>\t\t\t\t\t\t\t\t\t\t\t\t\t\t\t<\/div>\n\t\t\t\t<\/div>\n\t\t<div class=\"elementor-element elementor-element-aceb230 e-con-full e-flex e-con e-child\" data-id=\"aceb230\" data-element_type=\"container\" data-e-type=\"container\">\n\t\t\t\t<div class=\"elementor-element elementor-element-aafce99 elementor-widget elementor-widget-image\" data-id=\"aafce99\" data-element_type=\"widget\" data-e-type=\"widget\" data-widget_type=\"image.default\">\n\t\t\t\t\t\t\t\t\t\t\t\t\t\t\t<img decoding=\"async\" width=\"800\" height=\"800\" src=\"https:\/\/erzengelmg.r2ait.in\/wp-content\/uploads\/2026\/03\/tile-bedroom-DK636nMp.jpg\" class=\"attachment-full size-full wp-image-3020\" alt=\"\" srcset=\"https:\/\/erzengelmg.r2ait.in\/wp-content\/uploads\/2026\/03\/tile-bedroom-DK636nMp.jpg 800w, https:\/\/erzengelmg.r2ait.in\/wp-content\/uploads\/2026\/03\/tile-bedroom-DK636nMp-300x300.jpg 300w, https:\/\/erzengelmg.r2ait.in\/wp-content\/uploads\/2026\/03\/tile-bedroom-DK636nMp-150x150.jpg 150w, https:\/\/erzengelmg.r2ait.in\/wp-content\/uploads\/2026\/03\/tile-bedroom-DK636nMp-768x768.jpg 768w, https:\/\/erzengelmg.r2ait.in\/wp-content\/uploads\/2026\/03\/tile-bedroom-DK636nMp-12x12.jpg 12w, https:\/\/erzengelmg.r2ait.in\/wp-content\/uploads\/2026\/03\/tile-bedroom-DK636nMp-600x600.jpg 600w, https:\/\/erzengelmg.r2ait.in\/wp-content\/uploads\/2026\/03\/tile-bedroom-DK636nMp-100x100.jpg 100w, https:\/\/erzengelmg.r2ait.in\/wp-content\/uploads\/2026\/03\/tile-bedroom-DK636nMp-64x64.jpg 64w\" sizes=\"(max-width: 800px) 100vw, 800px\" \/>\t\t\t\t\t\t\t\t\t\t\t\t\t\t\t<\/div>\n\t\t\t\t<\/div>\n\t\t<div class=\"elementor-element elementor-element-1d221a3 e-con-full e-flex e-con e-child\" data-id=\"1d221a3\" data-element_type=\"container\" data-e-type=\"container\">\n\t\t\t\t<div class=\"elementor-element elementor-element-aaa5a59 elementor-widget elementor-widget-image\" data-id=\"aaa5a59\" data-element_type=\"widget\" data-e-type=\"widget\" data-widget_type=\"image.default\">\n\t\t\t\t\t\t\t\t\t\t\t\t\t\t\t<img loading=\"lazy\" decoding=\"async\" width=\"800\" height=\"800\" src=\"https:\/\/erzengelmg.r2ait.in\/wp-content\/uploads\/2026\/03\/tile-outdoor-DpWaTegz.jpg\" class=\"attachment-full size-full wp-image-3022\" alt=\"\" srcset=\"https:\/\/erzengelmg.r2ait.in\/wp-content\/uploads\/2026\/03\/tile-outdoor-DpWaTegz.jpg 800w, https:\/\/erzengelmg.r2ait.in\/wp-content\/uploads\/2026\/03\/tile-outdoor-DpWaTegz-300x300.jpg 300w, https:\/\/erzengelmg.r2ait.in\/wp-content\/uploads\/2026\/03\/tile-outdoor-DpWaTegz-150x150.jpg 150w, https:\/\/erzengelmg.r2ait.in\/wp-content\/uploads\/2026\/03\/tile-outdoor-DpWaTegz-768x768.jpg 768w, https:\/\/erzengelmg.r2ait.in\/wp-content\/uploads\/2026\/03\/tile-outdoor-DpWaTegz-12x12.jpg 12w, https:\/\/erzengelmg.r2ait.in\/wp-content\/uploads\/2026\/03\/tile-outdoor-DpWaTegz-600x600.jpg 600w, https:\/\/erzengelmg.r2ait.in\/wp-content\/uploads\/2026\/03\/tile-outdoor-DpWaTegz-100x100.jpg 100w, https:\/\/erzengelmg.r2ait.in\/wp-content\/uploads\/2026\/03\/tile-outdoor-DpWaTegz-64x64.jpg 64w\" sizes=\"(max-width: 800px) 100vw, 800px\" \/>\t\t\t\t\t\t\t\t\t\t\t\t\t\t\t<\/div>\n\t\t\t\t<\/div>\n\t\t\t\t<\/div>\n\t\t\t\t\t<\/div>\n\t\t\t\t<\/div>\n\t\t\t\t<\/div>\n\t\t","protected":false},"excerpt":{"rendered":"<p>Schlafzimmer Privatresidenz, Zuerich Ihr Schlafzimmer sollte ein Ort der Ruhe und Erholung sein. Wir bieten Ihnen hochwertige Betten, Kleiderschr\u00e4nke und [&hellip;]<\/p>\n","protected":false},"author":3,"featured_media":0,"parent":0,"menu_order":0,"comment_status":"closed","ping_status":"closed","template":"elementor_header_footer","meta":{"_acf_changed":false,"site-sidebar-layout":"no-sidebar","site-content-layout":"","ast-site-content-layout":"full-width-container","site-content-style":"default","site-sidebar-style":"default","ast-global-header-display":"","ast-banner-title-visibility":"","ast-main-header-display":"","ast-hfb-above-header-display":"","ast-hfb-below-header-display":"","ast-hfb-mobile-header-display":"","site-post-title":"","ast-breadcrumbs-content":"","ast-featured-img":"disabled","footer-sml-layout":"","ast-disable-related-posts":"","theme-transparent-header-meta":"default","adv-header-id-meta":"","stick-header-meta":"","header-above-stick-meta":"","header-main-stick-meta":"","header-below-stick-meta":"","astra-migrate-meta-layouts":"set","ast-page-background-enabled":"default","ast-page-background-meta":{"desktop":{"background-color":"var(--ast-global-color-5)","background-image":"","background-repeat":"repeat","background-position":"center center","background-size":"auto","background-attachment":"scroll","background-type":"","background-media":"","overlay-type":"","overlay-color":"","overlay-opacity":"","overlay-gradient":""},"tablet":{"background-color":"","background-image":"","background-repeat":"repeat","background-position":"center center","background-size":"auto","background-attachment":"scroll","background-type":"","background-media":"","overlay-type":"","overlay-color":"","overlay-opacity":"","overlay-gradient":""},"mobile":{"background-color":"","background-image":"","background-repeat":"repeat","background-position":"center center","background-size":"auto","background-attachment":"scroll","background-type":"","background-media":"","overlay-type":"","overlay-color":"","overlay-opacity":"","overlay-gradient":""}},"ast-content-background-meta":{"desktop":{"background-color":"var(--ast-global-color-4)","background-image":"","background-repeat":"repeat","background-position":"center center","background-size":"auto","background-attachment":"scroll","background-type":"","background-media":"","overlay-type":"","overlay-color":"","overlay-opacity":"","overlay-gradient":""},"tablet":{"background-color":"var(--ast-global-color-4)","background-image":"","background-repeat":"repeat","background-position":"center center","background-size":"auto","background-attachment":"scroll","background-type":"","background-media":"","overlay-type":"","overlay-color":"","overlay-opacity":"","overlay-gradient":""},"mobile":{"background-color":"var(--ast-global-color-4)","background-image":"","background-repeat":"repeat","background-position":"center center","background-size":"auto","background-attachment":"scroll","background-type":"","background-media":"","overlay-type":"","overlay-color":"","overlay-opacity":"","overlay-gradient":""}},"footnotes":""},"class_list":["post-2939","page","type-page","status-publish","hentry"],"acf":[],"_links":{"self":[{"href":"https:\/\/erzengelmg.r2ait.in\/de\/wp-json\/wp\/v2\/pages\/2939","targetHints":{"allow":["GET"]}}],"collection":[{"href":"https:\/\/erzengelmg.r2ait.in\/de\/wp-json\/wp\/v2\/pages"}],"about":[{"href":"https:\/\/erzengelmg.r2ait.in\/de\/wp-json\/wp\/v2\/types\/page"}],"author":[{"embeddable":true,"href":"https:\/\/erzengelmg.r2ait.in\/de\/wp-json\/wp\/v2\/users\/3"}],"replies":[{"embeddable":true,"href":"https:\/\/erzengelmg.r2ait.in\/de\/wp-json\/wp\/v2\/comments?post=2939"}],"version-history":[{"count":19,"href":"https:\/\/erzengelmg.r2ait.in\/de\/wp-json\/wp\/v2\/pages\/2939\/revisions"}],"predecessor-version":[{"id":4475,"href":"https:\/\/erzengelmg.r2ait.in\/de\/wp-json\/wp\/v2\/pages\/2939\/revisions\/4475"}],"wp:attachment":[{"href":"https:\/\/erzengelmg.r2ait.in\/de\/wp-json\/wp\/v2\/media?parent=2939"}],"curies":[{"name":"wp","href":"https:\/\/api.w.org\/{rel}","templated":true}]}}